{"id":37,"date":"2019-04-11T08:00:16","date_gmt":"2019-04-11T08:00:16","guid":{"rendered":"http:\/\/famkoller.ch\/?page_id=37"},"modified":"2019-04-11T09:12:33","modified_gmt":"2019-04-11T09:12:33","slug":"klumpfuss-links","status":"publish","type":"page","link":"https:\/\/famkoller.ch\/?page_id=37","title":{"rendered":"Klumpfuss Links"},"content":{"rendered":"\n<p>Da h\u00e4tts nuch es paar Links wo nuch gn\u00e4uer erkl\u00e4rt wird wie die Behandlig gmacht wird! <br><\/p>\n\n\n\n<ul class=\"wp-block-list\"><li> <a rel=\"noreferrer noopener\" aria-label=\" (\u00f6ffnet in neuem Tab)\" href=\"https:\/\/www.schulthess-klinik.ch\/de\/kinder-und-jugendorthopaedie\/behandlung\/klumpfuss\" target=\"_blank\">Schulthess-Klinik<\/a> <\/li><li><\/li><li> <a rel=\"noreferrer noopener\" aria-label=\" (\u00f6ffnet in neuem Tab)\" href=\"http:\/\/www.klumpfuesse.de\/\" target=\"_blank\">Klumpfuss- Informationsseite in Deutschland<\/a> <\/li><li> <a href=\"http:\/\/dasanderekind.ch\/\" target=\"_blank\" rel=\"noreferrer noopener\" aria-label=\" (\u00f6ffnet in neuem Tab)\">das andere Kind<\/a> <\/li><\/ul>\n\n\n\n<p><\/p>\n","protected":false},"excerpt":{"rendered":"<p>Da h\u00e4tts nuch es paar Links wo nuch gn\u00e4uer erkl\u00e4rt wird wie die Behandlig gmacht wird! Schulthess-Klinik Klumpfuss- Informationsseite in Deutschland das andere Kind<\/p>\n","protected":false},"author":1,"featured_media":0,"parent":7,"menu_order":3,"comment_status":"closed","ping_status":"closed","template":"","meta":{"footnotes":""},"class_list":["post-37","page","type-page","status-publish","hentry"],"_links":{"self":[{"href":"https:\/\/famkoller.ch\/index.php?rest_route=\/wp\/v2\/pages\/37"}],"collection":[{"href":"https:\/\/famkoller.ch\/index.php?rest_route=\/wp\/v2\/pages"}],"about":[{"href":"https:\/\/famkoller.ch\/index.php?rest_route=\/wp\/v2\/types\/page"}],"author":[{"embeddable":true,"href":"https:\/\/famkoller.ch\/index.php?rest_route=\/wp\/v2\/users\/1"}],"replies":[{"embeddable":true,"href":"https:\/\/famkoller.ch\/index.php?rest_route=%2Fwp%2Fv2%2Fcomments&post=37"}],"version-history":[{"count":3,"href":"https:\/\/famkoller.ch\/index.php?rest_route=\/wp\/v2\/pages\/37\/revisions"}],"predecessor-version":[{"id":52,"href":"https:\/\/famkoller.ch\/index.php?rest_route=\/wp\/v2\/pages\/37\/revisions\/52"}],"up":[{"embeddable":true,"href":"https:\/\/famkoller.ch\/index.php?rest_route=\/wp\/v2\/pages\/7"}],"wp:attachment":[{"href":"https:\/\/famkoller.ch\/index.php?rest_route=%2Fwp%2Fv2%2Fmedia&parent=37"}],"curies":[{"name":"wp","href":"https:\/\/api.w.org\/{rel}","templated":true}]}}